{"id":33,"date":"2022-09-16T16:47:12","date_gmt":"2022-09-16T16:47:12","guid":{"rendered":"https:\/\/c1881600.ferozo.com\/histor\/?page_id=33"},"modified":"2025-05-08T23:08:20","modified_gmt":"2025-05-08T23:08:20","slug":"nuestra-mision-2","status":"publish","type":"page","link":"https:\/\/ga.lujan.gov.ar\/histor\/","title":{"rendered":"NUESTRA MISION"},"content":{"rendered":"\n<div class=\"wp-block-media-text alignwide is-stacked-on-mobile\" style=\"grid-template-columns:37% auto\"><figure class=\"wp-block-media-text__media\"><img decoding=\"async\" loading=\"lazy\" width=\"1024\" height=\"619\" src=\"https:\/\/ga.lujan.gov.ar\/histor\/wp-content\/uploads\/2022\/12\/San-martin-vias-autos-1024x619.jpg\" alt=\"\" class=\"wp-image-405 size-full\" srcset=\"https:\/\/ga.lujan.gov.ar\/histor\/wp-content\/uploads\/2022\/12\/San-martin-vias-autos-1024x619.jpg 1024w, https:\/\/ga.lujan.gov.ar\/histor\/wp-content\/uploads\/2022\/12\/San-martin-vias-autos-300x181.jpg 300w, https:\/\/ga.lujan.gov.ar\/histor\/wp-content\/uploads\/2022\/12\/San-martin-vias-autos-768x465.jpg 768w, https:\/\/ga.lujan.gov.ar\/histor\/wp-content\/uploads\/2022\/12\/San-martin-vias-autos-18x12.jpg 18w, https:\/\/ga.lujan.gov.ar\/histor\/wp-content\/uploads\/2022\/12\/San-martin-vias-autos.jpg 1078w\" sizes=\"(max-width: 1024px) 100vw, 1024px\" \/><\/figure><div class=\"wp-block-media-text__content\">\n<p>Desde su creaci\u00f3n mediante el Decreto N\u00b0432\/78 el 20 de julio de 1978, la Junta Municipal de Estudios Hist\u00f3ricos se ha ocupado de mantener viva la rica y frondosa historia del partido de Luj\u00e1n.<br>Desde el 10 de diciembre de 2019, con la asunci\u00f3n de la actual gesti\u00f3n de gobierno comunal a cargo del Lic. Leonardo Boto, la Junta adopt\u00f3 un esquema organizativo distinto a todos los anteriores. Siempre con la Presidencia Honoraria a cargo del Intendente Municipal y con la intenci\u00f3n de dotarla de mayor participaci\u00f3n vecinal, la comisi\u00f3n directiva dej\u00f3 de tener un n\u00famero determinado de integrantes y los roles ya no son fijos. El funcionamiento est\u00e1 determinado por los objetivos establecidos para cada actividad y algunos espacios transversales como el de Comunicaciones, Producci\u00f3n, Actas y Archivo. Estos cambios fueron formalizados en la Ordenanza 8710\/24.<\/p>\n<\/div><\/div>\n\n\n\n<p>Son nuestros objetivos generales la investigaci\u00f3n, la difusi\u00f3n\/divulgaci\u00f3n y el archivo, y para ello contamos con dos grandes sectores: el Acad\u00e9mico y el Ejecutivo\/Administrativo. Una vez logrados los objetivos, los resultados son archivados en \u00e1reas como:<\/p>\n\n\n\n<ul>\n<li>Historia de Barrios, Localidades, Personas y Familias destacadas.  Anecdotario Popular.<\/li>\n\n\n\n<li>Historia de las Artes, el Deporte, de Acontecimientos Sociales.<\/li>\n\n\n\n<li>Historia de la Producci\u00f3n, del Comercio, de la Construcci\u00f3n, de los Medios de Comunicaci\u00f3n.<\/li>\n\n\n\n<li>Historia de la Educaci\u00f3n, de la Salud, de la Pol\u00edtica, las Instituciones, las Pr\u00e1cticas Espirituales, la Inmigraci\u00f3n, la Mujer e Historia Reciente.<\/li>\n<\/ul>\n\n\n\n<div style=\"height:47px\" aria-hidden=\"true\" class=\"wp-block-spacer\"><\/div>\n\n\n\n<h3><strong>NUESTRAS ACTIVIDADES<\/strong><\/h3>\n\n\n\n<p>Dependiente de la Secretar\u00eda General de la Intendencia y con el objeto de cultivar nuestro patrimonio hist\u00f3rico, regularmente la Junta impulsa:<\/p>\n\n\n\n<ul>\n<li>La realizaci\u00f3n, coordinaci\u00f3n, promoci\u00f3n y est\u00edmulo de estudios de investigaci\u00f3n, interpretaci\u00f3n, exposici\u00f3n y cr\u00edticas hist\u00f3ricas conducentes al esclarecimiento y difusi\u00f3n\/divulgaci\u00f3n de la historia argentina y especialmente del partido de Luj\u00e1n.<\/li>\n\n\n\n<li>Coordinaci\u00f3n de acciones tendientes a la preservaci\u00f3n, promoci\u00f3n, divulgaci\u00f3n\/difusi\u00f3n de aquellos bienes que constituyen nuestro acervo hist\u00f3rico, religioso, cultural y natural, mediante acciones de rescate, investigaci\u00f3n, documentaci\u00f3n, conservaci\u00f3n, rehabilitaci\u00f3n, acrecentamiento y puesta en valor.<\/li>\n\n\n\n<li>Dise\u00f1o e implementaci\u00f3n de pol\u00edticas de incentivos con el fin de enriquecer los trabajos de recuperaci\u00f3n de la trascendental historia de nuestro r\u00edo, la flora, la fauna, sumando aspectos geol\u00f3gicos, antropol\u00f3gicos, paleontol\u00f3gicos y arqueol\u00f3gicos.<\/li>\n\n\n\n<li>Promoci\u00f3n de eventos hist\u00f3rico-culturales como jornadas, conferencias, exposiciones, actividades art\u00edsticas, visitas guiadas, publicaciones de libros y revistas, folleter\u00eda, videos y otras publicaciones que difundan los resultados de las jornadas, talleres, cursos e investigaciones. Tambi\u00e9n la realizaci\u00f3n de charlas con establecimientos educativos, sindicatos, colegios de profesionales y otras instituciones de nuestro distrito.<\/li>\n<\/ul>\n\n\n\n<div style=\"height:70px\" aria-hidden=\"true\" class=\"wp-block-spacer\"><\/div>\n\n\n\n<div style=\"height:0px\" aria-hidden=\"true\" class=\"wp-block-spacer\"><\/div>\n","protected":false},"excerpt":{"rendered":"<p>Desde su creaci\u00f3n mediante el Decreto N\u00b0432\/78 el 20 de julio de 1978, la Junta Municipal de Estudios Hist\u00f3ricos se ha ocupado de mantener viva&hellip;<\/p>\n","protected":false},"author":2,"featured_media":0,"parent":0,"menu_order":0,"comment_status":"closed","ping_status":"closed","template":"","meta":{"_EventAllDay":false,"_EventTimezone":"","_EventStartDate":"","_EventEndDate":"","_EventStartDateUTC":"","_EventEndDateUTC":"","_EventShowMap":false,"_EventShowMapLink":false,"_EventURL":"","_EventCost":"","_EventCostDescription":"","_EventCurrencySymbol":"","_EventCurrencyCode":"","_EventCurrencyPosition":"","_EventDateTimeSeparator":"","_EventTimeRangeSeparator":"","_EventOrganizerID":[],"_EventVenueID":0,"_OrganizerEmail":"","_OrganizerPhone":"","_OrganizerWebsite":"","_VenueAddress":"","_VenueCity":"","_VenueCountry":"","_VenueProvince":"","_VenueZip":"","_VenuePhone":"","_VenueURL":"","_VenueStateProvince":"","_VenueLat":"","_VenueLng":""},"_links":{"self":[{"href":"https:\/\/ga.lujan.gov.ar\/histor\/index.php?rest_route=\/wp\/v2\/pages\/33"}],"collection":[{"href":"https:\/\/ga.lujan.gov.ar\/histor\/index.php?rest_route=\/wp\/v2\/pages"}],"about":[{"href":"https:\/\/ga.lujan.gov.ar\/histor\/index.php?rest_route=\/wp\/v2\/types\/page"}],"author":[{"embeddable":true,"href":"https:\/\/ga.lujan.gov.ar\/histor\/index.php?rest_route=\/wp\/v2\/users\/2"}],"replies":[{"embeddable":true,"href":"https:\/\/ga.lujan.gov.ar\/histor\/index.php?rest_route=%2Fwp%2Fv2%2Fcomments&post=33"}],"version-history":[{"count":27,"href":"https:\/\/ga.lujan.gov.ar\/histor\/index.php?rest_route=\/wp\/v2\/pages\/33\/revisions"}],"predecessor-version":[{"id":528,"href":"https:\/\/ga.lujan.gov.ar\/histor\/index.php?rest_route=\/wp\/v2\/pages\/33\/revisions\/528"}],"wp:attachment":[{"href":"https:\/\/ga.lujan.gov.ar\/histor\/index.php?rest_route=%2Fwp%2Fv2%2Fmedia&parent=33"}],"curies":[{"name":"wp","href":"https:\/\/api.w.org\/{rel}","templated":true}]}}